{"id":8139,"date":"2024-03-08T14:10:44","date_gmt":"2024-03-08T13:10:44","guid":{"rendered":"https:\/\/twentytu.com\/condicions-generals-de-contractacio\/"},"modified":"2025-07-02T15:49:17","modified_gmt":"2025-07-02T14:49:17","slug":"condicions-generals-de-contractacio","status":"publish","type":"page","link":"https:\/\/twentytu.com\/ca\/condicions-generals-de-contractacio\/","title":{"rendered":"Condicions generals de contractaci\u00f3"},"content":{"rendered":"\t\t<div data-elementor-type=\"wp-page\" data-elementor-id=\"8139\" class=\"elementor elementor-8139 elementor-5088\" data-elementor-post-type=\"page\">\n\t\t\t\t\t\t<section class=\"elementor-section elementor-top-section elementor-element elementor-element-feaef05 elementor-section-boxed elementor-section-height-default elementor-section-height-default\" data-id=\"feaef05\" data-element_type=\"section\">\n\t\t\t\t\t\t<div class=\"elementor-container elementor-column-gap-default\">\n\t\t\t\t\t<div class=\"elementor-column elementor-col-100 elementor-top-column elementor-element elementor-element-fcec9b0\" data-id=\"fcec9b0\" data-element_type=\"column\">\n\t\t\t<div class=\"elementor-widget-wrap elementor-element-populated\">\n\t\t\t\t\t\t<div class=\"elementor-element elementor-element-09ef541 elementor-widget elementor-widget-text-editor\" data-id=\"09ef541\" data-element_type=\"widget\" data-widget_type=\"text-editor.default\">\n\t\t\t\t<div class=\"elementor-widget-container\">\n\t\t\t\t\t\t\t\t\t<p><strong>CONDICIONES GENERALES DE CONTRATACI\u00d3N<br \/>\n<\/strong>En cumplimiento de la obligaci\u00f3n general de informaci\u00f3n del arte. 10 de la Ley espa\u00f1ola 34\/2002 de 11 de julio de 2002 sobre los servicios de la sociedad de la informaci\u00f3n y el comercio electr\u00f3nico. El propietario de la web con URL https:\/\/www.twentytu.com es INNOVAT HOTELS SL (NIF. B65237539), empresa espa\u00f1ola debidamente registrada en el Registro Mercantil de Barcelona, \u200b\u200bVolumen 41638, Folio 162, Secci\u00f3n 8, P\u00e1gina 391588, Inscripci\u00f3n 4 con direcci\u00f3n fiscal en: C\/Pamplona, \u200b\u200b114 \u2013 08018 Barcelona, \u200b\u200bEspa\u00f1a, y direcci\u00f3n electr\u00f3nica de contacto direccioncomtwentytu.comEstas condiciones regulan y son aplicables a todas las ventas hechas desde la web<br \/>\n<a href=\"https:\/\/twentytu.com\/\">\u00a0<\/a><a href=\"https:\/\/twentytu.com\/\">https:\/\/www.twentytu.com<br \/>\n<\/a>La realizaci\u00f3n de cualquier orden implica la aceptaci\u00f3n de las siguientes condiciones generales:<\/p>\n<p><strong>1.- Aceptaci\u00f3n y disponibilidad de las condiciones generales del contrato.<br \/>\n<\/strong>Al aceptar este contrato, usted declara: a) Que eres una persona en edad legal y con capacidad para contraer un contrato. b) Que hayas le\u00eddo y aceptado estas condiciones generales. Estas condiciones generales (en adelante, \u201clas Condiciones Generales\u201d), regulan la relaci\u00f3n legal que emana de los procesos de contrataci\u00f3n llevados a cabo entre los usuarios-clientes (en adelante, \u201clos clientes\u201d) de la p\u00e1gina web de comercio electr\u00f3nico situada en la propiedad url www.twentytu.com de los HOTELs INNOVAT SL Los clientes aceptan las Condiciones Generales desde el momento en que utilizan, contratan o adquieren cualquier producto. Los clientes pueden imprimir y almacenar este documento. INNOVAT HOTELS SL pone a su disposici\u00f3n la direcci\u00f3n de correo electr\u00f3nico direccioncomtwentytu.<\/p>\n<p><strong>2.- Reglas aplicables<br \/>\n<\/strong>Estas Condiciones Generales est\u00e1n sujetas a las disposiciones de la Ley 7\/1998 de 13 de abril de 1998 sobre Condiciones Generales de Contrataci\u00f3n, la Ley 13\/2003 de 17 de diciembre de 2003 sobre la Defensa y la Protecci\u00f3n de los Consumidores y Usuarios de Andaluc\u00eda y la Ley 3\/2014 de 27 de marzo de 2014, que modifica el texto revisado de la Ley General para la Defensa de los Consumidores y Usuarios y otras leyes complementarias, aprobada por el Real Decreto Legislativo 1\/2007 de 16 de noviembre de 2007, el Reglamento (UE) 2016\/679 del Parlamento Europeo y del Consejo de 16 de noviembre de 2007, y el Reglamento (UE) 2016\/679 del Parlamento Europeo y del Consejo de la Uni\u00f3n Europea, de la Uni\u00f3n Europea y del Consejo de la Uni\u00f3n Europea.Parlamento Europeo y del Consejo de 27 de abril de 2016 sobre la protecci\u00f3n de las personas f\u00edsicas en relaci\u00f3n con el tratamiento de datos personales y la libre circulaci\u00f3n de estos datos, Ley org\u00e1nica 3\/2018, de 5 de diciembre, sobre la protecci\u00f3n de datos personales y la garant\u00eda de los derechos digitales, Ley 7\/1996, de 15 de enero, sobre el Reglamento del comercio al por menor, y Ley 34\/2002, de 11 de julio, sobre los servicios de la sociedad de la informaci\u00f3n y el comercio electr\u00f3nico.<\/p>\n<p><strong>3.- Modificaci\u00f3n de las condiciones generales<br \/>\n<\/strong>INNOVAT HOTELS SL puede modificar las Condiciones Generales notificando a los Clientes con suficiente aviso, a fin de mejorar los servicios y productos ofrecidos a trav\u00e9s de www.twentytu.com. Mediante la modificaci\u00f3n de las Condiciones Generales expuestas en la p\u00e1gina web de www.twentytu.com se entender\u00e1 que esta obligaci\u00f3n de notificaci\u00f3n se ha cumplido. En cualquier caso, antes de utilizar los servicios, se consultar\u00e1 las Condiciones Generales.<\/p>\n<p><strong>4.- Descripci\u00f3n de los servicios<br \/>\n<\/strong>El uso de los servicios de reserva implica la aceptaci\u00f3n y validez de cada uno de los t\u00e9rminos y condiciones generales. a) Procedimiento de contrataci\u00f3n: La contrataci\u00f3n a trav\u00e9s de www.twentytu.com se llevar\u00e1 a cabo a trav\u00e9s de los siguientes pasos:<\/p>\n<p>Paso 1: selecci\u00f3n del hotel en la p\u00e1gina de inicio por medio de los par\u00e1metros de b\u00fasqueda, as\u00ed como las fechas de estancia y n\u00famero de personas.<\/p>\n<p>Paso 2: selecci\u00f3n del tipo de habitaci\u00f3n, n\u00famero de habitaciones, comidas deseadas y tipos de tarifa.<\/p>\n<p>Paso 3: selecci\u00f3n de suplementos o servicios adicionales con una muestra del precio final. Inserci\u00f3n de datos personales relacionados con la reserva, as\u00ed como la tarjeta bancaria utilizada como garant\u00eda de la reserva, y la aceptaci\u00f3n de las condiciones generales de la reserva.<\/p>\n<p>Paso 4: Verificaci\u00f3n de los datos de la reserva y formalizaci\u00f3n de la reserva.<\/p>\n<p>Paso 5: enviar un correo electr\u00f3nico de confirmaci\u00f3n de la reserva al cliente con los datos de la reserva.<\/p>\n<p>El establecimiento generar\u00e1 un documento electr\u00f3nico completo de la formalizaci\u00f3n de la reserva para su archivo, dando acceso y conocimiento completo al cliente enviando un correo electr\u00f3nico con su contenido al final del proceso de reserva.Despu\u00e9s de la formalizaci\u00f3n de la reserva, se pide al cliente que revise el contenido del mismo con el fin de identificar posibles errores materiales en la introducci\u00f3n de datos; para procesar su correcci\u00f3n, por favor, llame 932387185 o env\u00ede sus comentarios al correo electr\u00f3nico direccion.twentytu.com proporcionando los datos de identificaci\u00f3n de la reserva.Nuestro procedimiento de contrataci\u00f3n se ofrece en los siguientes idiomas: espa\u00f1ol y Ingl\u00e9s.Con el fin de cambiar la lengua, acceda al men\u00fa desplegable de idioma en la parte superior derecha de la p\u00e1gina web. De acuerdo con las condiciones espec\u00edficas de los tipos espec\u00edficos aplicados a la reserva, el pago del mismo se realizar\u00e1 (i) de antemano s\u00f3lo pagando el 10% en el momento en que se formalice la reserva, el resto del total se pagar\u00e1 en el momento en el que el cliente compruebe el hostal (check-in), dependiendo de la tasa seleccionada. Los pagos se pueden realizar con tarjeta de cr\u00e9dito aceptada en el establecimiento para los pagos realizados de antemano. Los pagos a la facturaci\u00f3n pueden realizarse bien por tarjeta de cr\u00e9dito aceptada en el establecimiento o bien en efectivo utilizando la moneda legal en Espa\u00f1a. dependiendo de la tasa seleccionada. Los pagos se pueden realizar con tarjeta de cr\u00e9dito aceptada en el establecimiento para los pagos realizados de antemano. Los pagos a la facturaci\u00f3n pueden realizarse bien por tarjeta de cr\u00e9dito aceptada en el establecimiento o bien en efectivo utilizando la moneda legal en Espa\u00f1a. dependiendo de la tasa seleccionada. Los pagos se pueden realizar con tarjeta de cr\u00e9dito aceptada en el establecimiento para los pagos realizados de antemano. Los pagos a la facturaci\u00f3n pueden realizarse bien por tarjeta de cr\u00e9dito aceptada en el establecimiento o bien en efectivo utilizando la moneda legal en Espa\u00f1a.<\/p>\n<p>b) Pol\u00edticas de cancelaci\u00f3n libres: \u2013 Est\u00e1ndar: cancelaci\u00f3n sin penalizaci\u00f3n (excepto el 10% no reembolsable) hasta 3 d\u00edas antes de la fecha de facturaci\u00f3n. Por cancelaciones despu\u00e9s de este per\u00edodo o en caso de no mostrarse, el hostal cobrar\u00e1 la primera noche por cada habitaci\u00f3n reservada como tasa de no mostrarse.c) Pol\u00edticas de cancelaci\u00f3n no reembolsables:- Las tarifas no reembolsables no aceptan modificaciones o cancelaciones.- El hostal cargar\u00e1 el 100% de la estancia en la tarjeta de cr\u00e9dito proporcionada en el momento de la reserva.d) Precios por sala y noche: Los precios mostrados en el sitio web son din\u00e1micos y pueden cambiar sin previo aviso. Sin embargo, para las reservas confirmadas, la tasa reservada mostrada en la confirmaci\u00f3n de reserva recibida por correo electr\u00f3nico siempre se mantendr\u00e1. Los precios relacionados con la reserva ser\u00e1n indicados durante el proceso de reserva. Los precios incluyen el IVA.<\/p>\n<p><strong>5.- Informaci\u00f3n general del Hotel<br \/>\n<\/strong>Los clientes son informados de las condiciones generales de uso del Hotel que son las siguientes: a) Hora de entrada al albergue: 14:00 horas. b) Tiempo de pago: 11:00 amc) Todos los tipos incluyen el IVA.d) El precio de la reserva incluye alojamiento en el r\u00e9gimen indicado (s\u00f3lo alojamiento) dependiendo de los servicios expresamente contratados.e) Con fines de reserva, los ni\u00f1os menores de 2 a\u00f1os son gratuitos compartiendo una cama s\u00f3lo en alojamiento. Desde esta edad se consideran adultos, ya que tendr\u00e1n que utilizar una cama extra. f) El tabaco est\u00e1 prohibido en el hostal, es una zona sin humo al 100%. g) Los animales de compa\u00f1\u00eda no est\u00e1n permitidos.<\/p>\n<p><strong>6.- Propiedad intelectual<br \/>\n<\/strong>El contenido suministrado por INNOVAT HOTELS SL est\u00e1 sujeta a derechos de propiedad intelectual e industrial y es la propiedad exclusiva de INNOVAT HOTELS SL Para adquirir un servicio, INNOVAT HOTELS SL no otorga al adquirente ning\u00fan derecho de alteraci\u00f3n, explotaci\u00f3n, reproducci\u00f3n, distribuci\u00f3n o comunicaci\u00f3n p\u00fablica del mismo, y HOTELS INNOVAT SL se reserva todos estos derechos. La transferencia de dichos derechos requerir\u00e1 el previo consentimiento por escrito de los HOTELES INNOVAT SL El cliente puede no poner este contenido a disposici\u00f3n de terceros. Los derechos de propiedad intelectual se extienden, adem\u00e1s del contenido incluido HOTELS INNOVADORS SL, a sus gr\u00e1ficos, logotipos, dise\u00f1o, im\u00e1genes y c\u00f3digo fuente utilizado para su programaci\u00f3n. c\u00f3digo fuente utilizado para su programaci\u00f3n.<\/p>\n<p><strong>7.- Privacidad y protecci\u00f3n de datos personales<br \/>\n<\/strong>Vea la secci\u00f3n espec\u00edfica de protecci\u00f3n de datos haciendo clic en la parte inferior derecha de la web www.twentytu.com en la secci\u00f3n \u201cPol\u00edtica de privacidad\u201d.<\/p>\n<p><strong>8.- Notificaciones<br \/>\n<\/strong>Todas las notificaciones, requisitos, solicitudes y otras comunicaciones que deben hacer las partes en relaci\u00f3n con estas Condiciones Generales deben hacerse por escrito y se entender\u00e1 que se han hecho debidamente cuando se hayan entregado a mano o enviado por correo ordinario a la direcci\u00f3n de la otra parte oa su direcci\u00f3n de correo electr\u00f3nico, oa cualquier otra direcci\u00f3n o direcci\u00f3n de correo electr\u00f3nico que cada parte pueda indicar a la otra a tal efecto.<\/p>\n<p><strong>9.- Informaci\u00f3n y exclusiones<br \/>\n<\/strong>HOTELS INNOVADORS SL, hace sus esfuerzos por garantizar que la informaci\u00f3n que aparece en este sitio web sea correcta y actualizada. Los HOTELES INNOVAT SL no ser\u00e1n responsables de los errores u omisiones que puedan existir en el sitio web. INNOVAT HOTELS SL no puede controlar el uso que hace el usuario de la informaci\u00f3n, y por tanto no ser\u00e1 responsable de ning\u00fan tipo de da\u00f1os, ya sean directos o indirectos, que puedan derivarse o estar conectados con el uso de esta informaci\u00f3n.INNOVAT HOTELS SL no puede revisar ni ha revisado todas las p\u00e1ginas web enlazadas a la misma, y \u200b\u200bpor tanto no es responsable de su contenido. Los riesgos derivados de la consulta de estas p\u00e1ginas web vinculadas a la misma corresponden exclusivamente a los usuarios, que tendr\u00e1n que ser gobernados por los t\u00e9rminos y condiciones de uso de las p\u00e1ginas web consultadas.<\/p>\n<p><strong>10.-Trademarks<br \/>\n<\/strong>Las marcas comerciales y los logotipos que aparecen en este sitio web son marcas comerciales de INNOVAT HOTELS SL, y no puede utilizarse en ning\u00fan tipo de anuncios u otros materiales publicitarios relacionados con la distribuci\u00f3n de cualquier informaci\u00f3n o contenido extra\u00eddo de este sitio web sin el previo consentimiento escrito del propietario de la marca.<\/p>\n<p><strong>11.- Nulidad e ineficacia de las cl\u00e1usulas<br \/>\n<\/strong>Si se declara, total o parcialmente, nulo o ineficaz cualquier cl\u00e1usula incluida en estas Condiciones Generales, esta nulidad o ineficacia s\u00f3lo afectar\u00e1 a esta disposici\u00f3n o la parte de \u00e9sta que sea nula o ineficaz, y las Condiciones Generales subsistir\u00e1n en todos los dem\u00e1s aspectos, y esta disposici\u00f3n, o la parte de \u00e9sta afectada, se considerar\u00e1 no incluida.<\/p>\n<p><strong>12.- Ley aplicable y jurisdicci\u00f3n competente.<br \/>\n<\/strong>Las actuales condiciones generales de venta, as\u00ed como los contratos firmados, se regir\u00e1n por la legislaci\u00f3n aplicable. Cualquier disputa relativa a la interpretaci\u00f3n o ejecuci\u00f3n de las condiciones generales de venta y cualquier contrato firmado con un cliente estar\u00e1 sujeto a la jurisdicci\u00f3n exclusiva de los tribunales legalmente competentes.<\/p>\n<p><strong>13.- Reclamaciones oficiales\/complaint\/formularios de la comisi\u00f3n.<br \/>\n<\/strong>De acuerdo con la normativa vigente en materia de consumo, que se enmarca dentro de los requisitos aplicables a cualquier tipo de relaci\u00f3n de consumidor, a cualquier relaci\u00f3n establecida entre, por un lado, empresarios, intermediarios o la Administraci\u00f3n como proveedora de bienes y servicios y, por otro, consumidores, establece que todos los empresarios o empresarios deben tener formularios de reclamaci\u00f3n o denuncia, de conformidad con el reglamento regulador correspondiente. De ah\u00ed que los hoteles innovados se pone a disposici\u00f3n de usuario los formularios oficiales tal y como est\u00e1n establecidos y las acciones administrativas relacionadas con ellos. Una vez completado el formulario, el usuario puede enviar la solicitud a la direcci\u00f3n o correo electr\u00f3nico direccion.twentytu.com.<\/p>\n<p><strong><u>En caso de realizar el check-out m\u00e1s tarde las 11 am, se har\u00e1 un cargo del precio de una noche.<\/u><\/strong><\/p>\n\t\t\t\t\t\t\t\t<\/div>\n\t\t\t\t<\/div>\n\t\t\t\t\t<\/div>\n\t\t<\/div>\n\t\t\t\t\t<\/div>\n\t\t<\/section>\n\t\t\t\t<\/div>\n\t\t","protected":false},"excerpt":{"rendered":"<p>CONDICIONES GENERALES DE CONTRATACI\u00d3N En cumplimiento de la obligaci\u00f3n general de informaci\u00f3n del arte. 10 de la Ley espa\u00f1ola 34\/2002 de 11 de julio de 2002 sobre los servicios de la sociedad de la informaci\u00f3n y el comercio electr\u00f3nico. El propietario de la web con URL https:\/\/www.twentytu.com es INNOVAT HOTELS SL (NIF. B65237539), empresa espa\u00f1ola [&hellip;]<\/p>\n","protected":false},"author":8,"featured_media":0,"parent":0,"menu_order":0,"comment_status":"closed","ping_status":"closed","template":"","meta":{"site-sidebar-layout":"no-sidebar","site-content-layout":"page-builder","ast-site-content-layout":"full-width-container","site-content-style":"default","site-sidebar-style":"default","ast-global-header-display":"","ast-banner-title-visibility":"","ast-main-header-display":"","ast-hfb-above-header-display":"","ast-hfb-below-header-display":"","ast-hfb-mobile-header-display":"","site-post-title":"disabled","ast-breadcrumbs-content":"","ast-featured-img":"disabled","footer-sml-layout":"","theme-transparent-header-meta":"default","adv-header-id-meta":"","stick-header-meta":"default","header-above-stick-meta":"","header-main-stick-meta":"","header-below-stick-meta":"","astra-migrate-meta-layouts":"default","ast-page-background-enabled":"default","ast-page-background-meta":{"desktop":{"background-color":"var(--ast-global-color-4)","background-image":"","background-repeat":"repeat","background-position":"center center","background-size":"auto","background-attachment":"scroll","background-type":"","background-media":"","overlay-type":"","overlay-color":"","overlay-opacity":"","overlay-gradient":""},"tablet":{"background-color":"","background-image":"","background-repeat":"repeat","background-position":"center center","background-size":"auto","background-attachment":"scroll","background-type":"","background-media":"","overlay-type":"","overlay-color":"","overlay-opacity":"","overlay-gradient":""},"mobile":{"background-color":"","background-image":"","background-repeat":"repeat","background-position":"center center","background-size":"auto","background-attachment":"scroll","background-type":"","background-media":"","overlay-type":"","overlay-color":"","overlay-opacity":"","overlay-gradient":""}},"ast-content-background-meta":{"desktop":{"background-color":"var(--ast-global-color-5)","background-image":"","background-repeat":"repeat","background-position":"center center","background-size":"auto","background-attachment":"scroll","background-type":"","background-media":"","overlay-type":"","overlay-color":"","overlay-opacity":"","overlay-gradient":""},"tablet":{"background-color":"var(--ast-global-color-5)","background-image":"","background-repeat":"repeat","background-position":"center center","background-size":"auto","background-attachment":"scroll","background-type":"","background-media":"","overlay-type":"","overlay-color":"","overlay-opacity":"","overlay-gradient":""},"mobile":{"background-color":"var(--ast-global-color-5)","background-image":"","background-repeat":"repeat","background-position":"center center","background-size":"auto","background-attachment":"scroll","background-type":"","background-media":"","overlay-type":"","overlay-color":"","overlay-opacity":"","overlay-gradient":""}},"footnotes":""},"tags":[],"class_list":["post-8139","page","type-page","status-publish","hentry"],"yoast_head":"<!-- This site is optimized with the Yoast SEO plugin v25.3 - https:\/\/yoast.com\/wordpress\/plugins\/seo\/ -->\n<title>Condicions generals de contractaci\u00f3 | TwentyT\u00fa Hostel<\/title>\n<meta name=\"robots\" content=\"noindex, follow\" \/>\n<meta property=\"og:locale\" content=\"ca_ES\" \/>\n<meta property=\"og:type\" content=\"article\" \/>\n<meta property=\"og:title\" content=\"Condicions generals de contractaci\u00f3 | TwentyT\u00fa Hostel\" \/>\n<meta property=\"og:description\" content=\"CONDICIONES GENERALES DE CONTRATACI\u00d3N En cumplimiento de la obligaci\u00f3n general de informaci\u00f3n del arte. 10 de la Ley espa\u00f1ola 34\/2002 de 11 de julio de 2002 sobre los servicios de la sociedad de la informaci\u00f3n y el comercio electr\u00f3nico. El propietario de la web con URL https:\/\/www.twentytu.com es INNOVAT HOTELS SL (NIF. B65237539), empresa espa\u00f1ola [&hellip;]\" \/>\n<meta property=\"og:url\" content=\"https:\/\/twentytu.com\/ca\/condicions-generals-de-contractacio\/\" \/>\n<meta property=\"og:site_name\" content=\"TwentyT\u00fa Hostel\" \/>\n<meta property=\"article:modified_time\" content=\"2025-07-02T14:49:17+00:00\" \/>\n<meta name=\"twitter:card\" content=\"summary_large_image\" \/>\n<meta name=\"twitter:label1\" content=\"Temps estimat de lectura\" \/>\n\t<meta name=\"twitter:data1\" content=\"11 minuts\" \/>\n<script type=\"application\/ld+json\" class=\"yoast-schema-graph\">{\"@context\":\"https:\/\/schema.org\",\"@graph\":[{\"@type\":\"WebPage\",\"@id\":\"https:\/\/twentytu.com\/ca\/condicions-generals-de-contractacio\/\",\"url\":\"https:\/\/twentytu.com\/ca\/condicions-generals-de-contractacio\/\",\"name\":\"Condicions generals de contractaci\u00f3 | TwentyT\u00fa Hostel\",\"isPartOf\":{\"@id\":\"https:\/\/twentytu.com\/ca\/#website\"},\"datePublished\":\"2024-03-08T13:10:44+00:00\",\"dateModified\":\"2025-07-02T14:49:17+00:00\",\"breadcrumb\":{\"@id\":\"https:\/\/twentytu.com\/ca\/condicions-generals-de-contractacio\/#breadcrumb\"},\"inLanguage\":\"ca\",\"potentialAction\":[{\"@type\":\"ReadAction\",\"target\":[\"https:\/\/twentytu.com\/ca\/condicions-generals-de-contractacio\/\"]}]},{\"@type\":\"BreadcrumbList\",\"@id\":\"https:\/\/twentytu.com\/ca\/condicions-generals-de-contractacio\/#breadcrumb\",\"itemListElement\":[{\"@type\":\"ListItem\",\"position\":1,\"name\":\"Inicio\",\"item\":\"https:\/\/twentytu.com\/ca\/\"},{\"@type\":\"ListItem\",\"position\":2,\"name\":\"Condicions generals de contractaci\u00f3\"}]},{\"@type\":\"WebSite\",\"@id\":\"https:\/\/twentytu.com\/ca\/#website\",\"url\":\"https:\/\/twentytu.com\/ca\/\",\"name\":\"TwentyT\u00fa Hostel\",\"description\":\"Descubre un nuevo concepto de albergue en Barcelona. Albergue eco-sostenible con terraza en la azotea, buenas vistas y Wi-Fi gratis.\",\"publisher\":{\"@id\":\"https:\/\/twentytu.com\/ca\/#organization\"},\"potentialAction\":[{\"@type\":\"SearchAction\",\"target\":{\"@type\":\"EntryPoint\",\"urlTemplate\":\"https:\/\/twentytu.com\/ca\/?s={search_term_string}\"},\"query-input\":{\"@type\":\"PropertyValueSpecification\",\"valueRequired\":true,\"valueName\":\"search_term_string\"}}],\"inLanguage\":\"ca\"},{\"@type\":\"Organization\",\"@id\":\"https:\/\/twentytu.com\/ca\/#organization\",\"name\":\"TwentyT\u00fa Hostel\",\"url\":\"https:\/\/twentytu.com\/ca\/\",\"logo\":{\"@type\":\"ImageObject\",\"inLanguage\":\"ca\",\"@id\":\"https:\/\/twentytu.com\/ca\/#\/schema\/logo\/image\/\",\"url\":\"https:\/\/twentytu.com\/wp-content\/uploads\/2024\/03\/logo-twentytu.png\",\"contentUrl\":\"https:\/\/twentytu.com\/wp-content\/uploads\/2024\/03\/logo-twentytu.png\",\"width\":550,\"height\":173,\"caption\":\"TwentyT\u00fa Hostel\"},\"image\":{\"@id\":\"https:\/\/twentytu.com\/ca\/#\/schema\/logo\/image\/\"}}]}<\/script>\n<!-- \/ Yoast SEO plugin. -->","yoast_head_json":{"title":"Condicions generals de contractaci\u00f3 | TwentyT\u00fa Hostel","robots":{"index":"noindex","follow":"follow"},"og_locale":"ca_ES","og_type":"article","og_title":"Condicions generals de contractaci\u00f3 | TwentyT\u00fa Hostel","og_description":"CONDICIONES GENERALES DE CONTRATACI\u00d3N En cumplimiento de la obligaci\u00f3n general de informaci\u00f3n del arte. 10 de la Ley espa\u00f1ola 34\/2002 de 11 de julio de 2002 sobre los servicios de la sociedad de la informaci\u00f3n y el comercio electr\u00f3nico. El propietario de la web con URL https:\/\/www.twentytu.com es INNOVAT HOTELS SL (NIF. B65237539), empresa espa\u00f1ola [&hellip;]","og_url":"https:\/\/twentytu.com\/ca\/condicions-generals-de-contractacio\/","og_site_name":"TwentyT\u00fa Hostel","article_modified_time":"2025-07-02T14:49:17+00:00","twitter_card":"summary_large_image","twitter_misc":{"Temps estimat de lectura":"11 minuts"},"schema":{"@context":"https:\/\/schema.org","@graph":[{"@type":"WebPage","@id":"https:\/\/twentytu.com\/ca\/condicions-generals-de-contractacio\/","url":"https:\/\/twentytu.com\/ca\/condicions-generals-de-contractacio\/","name":"Condicions generals de contractaci\u00f3 | TwentyT\u00fa Hostel","isPartOf":{"@id":"https:\/\/twentytu.com\/ca\/#website"},"datePublished":"2024-03-08T13:10:44+00:00","dateModified":"2025-07-02T14:49:17+00:00","breadcrumb":{"@id":"https:\/\/twentytu.com\/ca\/condicions-generals-de-contractacio\/#breadcrumb"},"inLanguage":"ca","potentialAction":[{"@type":"ReadAction","target":["https:\/\/twentytu.com\/ca\/condicions-generals-de-contractacio\/"]}]},{"@type":"BreadcrumbList","@id":"https:\/\/twentytu.com\/ca\/condicions-generals-de-contractacio\/#breadcrumb","itemListElement":[{"@type":"ListItem","position":1,"name":"Inicio","item":"https:\/\/twentytu.com\/ca\/"},{"@type":"ListItem","position":2,"name":"Condicions generals de contractaci\u00f3"}]},{"@type":"WebSite","@id":"https:\/\/twentytu.com\/ca\/#website","url":"https:\/\/twentytu.com\/ca\/","name":"TwentyT\u00fa Hostel","description":"Descubre un nuevo concepto de albergue en Barcelona. Albergue eco-sostenible con terraza en la azotea, buenas vistas y Wi-Fi gratis.","publisher":{"@id":"https:\/\/twentytu.com\/ca\/#organization"},"potentialAction":[{"@type":"SearchAction","target":{"@type":"EntryPoint","urlTemplate":"https:\/\/twentytu.com\/ca\/?s={search_term_string}"},"query-input":{"@type":"PropertyValueSpecification","valueRequired":true,"valueName":"search_term_string"}}],"inLanguage":"ca"},{"@type":"Organization","@id":"https:\/\/twentytu.com\/ca\/#organization","name":"TwentyT\u00fa Hostel","url":"https:\/\/twentytu.com\/ca\/","logo":{"@type":"ImageObject","inLanguage":"ca","@id":"https:\/\/twentytu.com\/ca\/#\/schema\/logo\/image\/","url":"https:\/\/twentytu.com\/wp-content\/uploads\/2024\/03\/logo-twentytu.png","contentUrl":"https:\/\/twentytu.com\/wp-content\/uploads\/2024\/03\/logo-twentytu.png","width":550,"height":173,"caption":"TwentyT\u00fa Hostel"},"image":{"@id":"https:\/\/twentytu.com\/ca\/#\/schema\/logo\/image\/"}}]}},"_links":{"self":[{"href":"https:\/\/twentytu.com\/ca\/wp-json\/wp\/v2\/pages\/8139","targetHints":{"allow":["GET"]}}],"collection":[{"href":"https:\/\/twentytu.com\/ca\/wp-json\/wp\/v2\/pages"}],"about":[{"href":"https:\/\/twentytu.com\/ca\/wp-json\/wp\/v2\/types\/page"}],"author":[{"embeddable":true,"href":"https:\/\/twentytu.com\/ca\/wp-json\/wp\/v2\/users\/8"}],"replies":[{"embeddable":true,"href":"https:\/\/twentytu.com\/ca\/wp-json\/wp\/v2\/comments?post=8139"}],"version-history":[{"count":1,"href":"https:\/\/twentytu.com\/ca\/wp-json\/wp\/v2\/pages\/8139\/revisions"}],"predecessor-version":[{"id":8140,"href":"https:\/\/twentytu.com\/ca\/wp-json\/wp\/v2\/pages\/8139\/revisions\/8140"}],"wp:attachment":[{"href":"https:\/\/twentytu.com\/ca\/wp-json\/wp\/v2\/media?parent=8139"}],"wp:term":[{"taxonomy":"post_tag","embeddable":true,"href":"https:\/\/twentytu.com\/ca\/wp-json\/wp\/v2\/tags?post=8139"}],"curies":[{"name":"wp","href":"https:\/\/api.w.org\/{rel}","templated":true}]}}