{"id":9260,"date":"2022-11-09T14:20:31","date_gmt":"2022-11-09T13:20:31","guid":{"rendered":"https:\/\/twentytu.com\/avviso-legale\/"},"modified":"2025-07-02T15:51:23","modified_gmt":"2025-07-02T14:51:23","slug":"avviso-legale","status":"publish","type":"page","link":"https:\/\/twentytu.com\/it\/avviso-legale\/","title":{"rendered":"Avviso legale"},"content":{"rendered":"\t\t<div data-elementor-type=\"wp-page\" data-elementor-id=\"9260\" class=\"elementor elementor-9260 elementor-2\" data-elementor-post-type=\"page\">\n\t\t\t\t\t\t<section class=\"elementor-section elementor-top-section elementor-element elementor-element-165c32e7 elementor-section-boxed elementor-section-height-default elementor-section-height-default\" data-id=\"165c32e7\" data-element_type=\"section\">\n\t\t\t\t\t\t<div class=\"elementor-container elementor-column-gap-default\">\n\t\t\t\t\t<div class=\"elementor-column elementor-col-100 elementor-top-column elementor-element elementor-element-59a04e46\" data-id=\"59a04e46\" data-element_type=\"column\">\n\t\t\t<div class=\"elementor-widget-wrap elementor-element-populated\">\n\t\t\t\t\t\t<div class=\"elementor-element elementor-element-654ce6b6 elementor-widget elementor-widget-text-editor\" data-id=\"654ce6b6\" data-element_type=\"widget\" data-widget_type=\"text-editor.default\">\n\t\t\t\t<div class=\"elementor-widget-container\">\n\t\t\t\t\t\t\t\t\t<h1>Aviso legal<\/h1>\n<p>En cumplimiento con el deber de informaci\u00f3n recogido en art\u00edculo 10 de la Ley 34\/2002, de 11 de julio, de Servicios de la Sociedad de la Informaci\u00f3n y del Comercio Electr\u00f3nico (LSSICE), el propietario de la web , le informa de lo siguiente:<\/p>\n<ul>\n<li>Denominaci\u00f3n social: Innovat Hotels, S.L.<\/li>\n<li>NIF: B65237539<\/li>\n<li>Domicilio: Calle Pamplona, 114, 08018 \u2013 Barcelona (Barcelona)<\/li>\n<\/ul>\n<p>Inscrita en el Registro Mercantil de BARCELONA al Tomo 41638, folio 153, secci\u00f3n 8, hoja n\u00famero 391588, inscripci\u00f3n 1 Con los l\u00edmites establecidos en la ley, Innovat Hotels, S.L. no asume ninguna responsabilidad derivada de la falta de veracidad, integridad, actualizaci\u00f3n y precisi\u00f3n de los datos o informaciones que contienen sus p\u00e1ginas web. Los contenidos e informaci\u00f3n no vinculan a Innovat Hotels, S.L. ni constituyen opiniones, consejos o asesoramiento legal de ning\u00fan tipo pues se trata meramente de un servicio ofrecido con car\u00e1cter informativo y divulgativo. Las p\u00e1ginas de Internet de Innovat Hotels, S.L. pueden contener enlaces (links) a otras p\u00e1ginas de terceras partes que Innovat Hotels, S.L. no puede controlar. Por lo tanto, Innovat Hotels, S.L. no puede asumir responsabilidades por el contenido que pueda aparecer en p\u00e1ginas de terceros. Los textos, im\u00e1genes, sonidos, animaciones, software y el resto de contenidos incluidos en este website son propiedad exclusiva de Innovat Hotels, S.L. o sus licenciantes. Cualquier acto de transmisi\u00f3n, distribuci\u00f3n, cesi\u00f3n, reproducci\u00f3n, almacenamiento o comunicaci\u00f3n p\u00fablica total o parcial, deber\u00e1 contar con el consentimiento expreso de Innovat Hotels, S.L.. Asimismo, para acceder a algunos de los servicios que Innovat Hotels, S.L. ofrece a trav\u00e9s del sitio web, deber\u00e1 proporcionar algunos datos de car\u00e1cter personal. En cumplimiento de lo establecido en el Reglamento (UE) 2016\/679 del Parlamento Europeo y del Consejo, de 27 de abril de 2016, relativo a la protecci\u00f3n de las personas f\u00edsicas en lo que respecta al tratamiento de datos personales y a la libre circulaci\u00f3n de estos datos le informamos que, mediante la cumplimentaci\u00f3n de los presentes formularios, sus datos personales quedar\u00e1n incorporados y ser\u00e1n tratados en los ficheros de Innovat Hotels, S.L. con el fin de poderle prestar y ofrecer nuestros servicios as\u00ed como para informarle de las mejoras del sitio Web. Le informamos tambi\u00e9n de que tendr\u00e1 la posibilidad en todo momento de ejercer los derechos de acceso, rectificaci\u00f3n, cancelaci\u00f3n, oposici\u00f3n, limitaci\u00f3n y portabilidad de sus datos de car\u00e1cter personal, de manera gratuita mediante email a: events@twentytu.com o en la direcci\u00f3n: Calle Pamplona, 114, 08018 \u2013 Barcelona (Barcelona).<\/p>\n\t\t\t\t\t\t\t\t<\/div>\n\t\t\t\t<\/div>\n\t\t\t\t\t<\/div>\n\t\t<\/div>\n\t\t\t\t\t<\/div>\n\t\t<\/section>\n\t\t\t\t<\/div>\n\t\t","protected":false},"excerpt":{"rendered":"<p>Aviso legal En cumplimiento con el deber de informaci\u00f3n recogido en art\u00edculo 10 de la Ley 34\/2002, de 11 de julio, de Servicios de la Sociedad de la Informaci\u00f3n y del Comercio Electr\u00f3nico (LSSICE), el propietario de la web , le informa de lo siguiente: Denominaci\u00f3n social: Innovat Hotels, S.L. NIF: B65237539 Domicilio: Calle Pamplona, [&hellip;]<\/p>\n","protected":false},"author":8,"featured_media":0,"parent":0,"menu_order":0,"comment_status":"closed","ping_status":"closed","template":"elementor_header_footer","meta":{"site-sidebar-layout":"no-sidebar","site-content-layout":"page-builder","ast-site-content-layout":"","site-content-style":"default","site-sidebar-style":"default","ast-global-header-display":"","ast-banner-title-visibility":"","ast-main-header-display":"","ast-hfb-above-header-display":"","ast-hfb-below-header-display":"","ast-hfb-mobile-header-display":"","site-post-title":"disabled","ast-breadcrumbs-content":"","ast-featured-img":"disabled","footer-sml-layout":"","theme-transparent-header-meta":"default","adv-header-id-meta":"","stick-header-meta":"","header-above-stick-meta":"","header-main-stick-meta":"","header-below-stick-meta":"","astra-migrate-meta-layouts":"default","ast-page-background-enabled":"default","ast-page-background-meta":{"desktop":{"background-color":"var(--ast-global-color-4)","background-image":"","background-repeat":"repeat","background-position":"center center","background-size":"auto","background-attachment":"scroll","background-type":"","background-media":"","overlay-type":"","overlay-color":"","overlay-opacity":"","overlay-gradient":""},"tablet":{"background-color":"","background-image":"","background-repeat":"repeat","background-position":"center center","background-size":"auto","background-attachment":"scroll","background-type":"","background-media":"","overlay-type":"","overlay-color":"","overlay-opacity":"","overlay-gradient":""},"mobile":{"background-color":"","background-image":"","background-repeat":"repeat","background-position":"center center","background-size":"auto","background-attachment":"scroll","background-type":"","background-media":"","overlay-type":"","overlay-color":"","overlay-opacity":"","overlay-gradient":""}},"ast-content-background-meta":{"desktop":{"background-color":"var(--ast-global-color-5)","background-image":"","background-repeat":"repeat","background-position":"center center","background-size":"auto","background-attachment":"scroll","background-type":"","background-media":"","overlay-type":"","overlay-color":"","overlay-opacity":"","overlay-gradient":""},"tablet":{"background-color":"var(--ast-global-color-5)","background-image":"","background-repeat":"repeat","background-position":"center center","background-size":"auto","background-attachment":"scroll","background-type":"","background-media":"","overlay-type":"","overlay-color":"","overlay-opacity":"","overlay-gradient":""},"mobile":{"background-color":"var(--ast-global-color-5)","background-image":"","background-repeat":"repeat","background-position":"center center","background-size":"auto","background-attachment":"scroll","background-type":"","background-media":"","overlay-type":"","overlay-color":"","overlay-opacity":"","overlay-gradient":""}},"footnotes":""},"tags":[],"class_list":["post-9260","page","type-page","status-publish","hentry"],"yoast_head":"<!-- This site is optimized with the Yoast SEO plugin v25.3 - https:\/\/yoast.com\/wordpress\/plugins\/seo\/ -->\n<title>Avviso legale | TwentyT\u00fa Hostel<\/title>\n<meta name=\"robots\" content=\"noindex, follow\" \/>\n<meta property=\"og:locale\" content=\"it_IT\" \/>\n<meta property=\"og:type\" content=\"article\" \/>\n<meta property=\"og:title\" content=\"Avviso legale | TwentyT\u00fa Hostel\" \/>\n<meta property=\"og:description\" content=\"Aviso legal En cumplimiento con el deber de informaci\u00f3n recogido en art\u00edculo 10 de la Ley 34\/2002, de 11 de julio, de Servicios de la Sociedad de la Informaci\u00f3n y del Comercio Electr\u00f3nico (LSSICE), el propietario de la web , le informa de lo siguiente: Denominaci\u00f3n social: Innovat Hotels, S.L. NIF: B65237539 Domicilio: Calle Pamplona, [&hellip;]\" \/>\n<meta property=\"og:url\" content=\"https:\/\/twentytu.com\/it\/avviso-legale\/\" \/>\n<meta property=\"og:site_name\" content=\"TwentyT\u00fa Hostel\" \/>\n<meta property=\"article:modified_time\" content=\"2025-07-02T14:51:23+00:00\" \/>\n<meta name=\"twitter:card\" content=\"summary_large_image\" \/>\n<meta name=\"twitter:label1\" content=\"Tempo di lettura stimato\" \/>\n\t<meta name=\"twitter:data1\" content=\"2 minuti\" \/>\n<script type=\"application\/ld+json\" class=\"yoast-schema-graph\">{\"@context\":\"https:\/\/schema.org\",\"@graph\":[{\"@type\":\"WebPage\",\"@id\":\"https:\/\/twentytu.com\/it\/avviso-legale\/\",\"url\":\"https:\/\/twentytu.com\/it\/avviso-legale\/\",\"name\":\"Avviso legale | TwentyT\u00fa Hostel\",\"isPartOf\":{\"@id\":\"https:\/\/twentytu.com\/it\/#website\"},\"datePublished\":\"2022-11-09T13:20:31+00:00\",\"dateModified\":\"2025-07-02T14:51:23+00:00\",\"breadcrumb\":{\"@id\":\"https:\/\/twentytu.com\/it\/avviso-legale\/#breadcrumb\"},\"inLanguage\":\"it-IT\",\"potentialAction\":[{\"@type\":\"ReadAction\",\"target\":[\"https:\/\/twentytu.com\/it\/avviso-legale\/\"]}]},{\"@type\":\"BreadcrumbList\",\"@id\":\"https:\/\/twentytu.com\/it\/avviso-legale\/#breadcrumb\",\"itemListElement\":[{\"@type\":\"ListItem\",\"position\":1,\"name\":\"Inicio\",\"item\":\"https:\/\/twentytu.com\/it\/\"},{\"@type\":\"ListItem\",\"position\":2,\"name\":\"Avviso legale\"}]},{\"@type\":\"WebSite\",\"@id\":\"https:\/\/twentytu.com\/it\/#website\",\"url\":\"https:\/\/twentytu.com\/it\/\",\"name\":\"TwentyT\u00fa Hostel\",\"description\":\"Descubre un nuevo concepto de albergue en Barcelona. Albergue eco-sostenible con terraza en la azotea, buenas vistas y Wi-Fi gratis.\",\"publisher\":{\"@id\":\"https:\/\/twentytu.com\/it\/#organization\"},\"potentialAction\":[{\"@type\":\"SearchAction\",\"target\":{\"@type\":\"EntryPoint\",\"urlTemplate\":\"https:\/\/twentytu.com\/it\/?s={search_term_string}\"},\"query-input\":{\"@type\":\"PropertyValueSpecification\",\"valueRequired\":true,\"valueName\":\"search_term_string\"}}],\"inLanguage\":\"it-IT\"},{\"@type\":\"Organization\",\"@id\":\"https:\/\/twentytu.com\/it\/#organization\",\"name\":\"TwentyT\u00fa Hostel\",\"url\":\"https:\/\/twentytu.com\/it\/\",\"logo\":{\"@type\":\"ImageObject\",\"inLanguage\":\"it-IT\",\"@id\":\"https:\/\/twentytu.com\/it\/#\/schema\/logo\/image\/\",\"url\":\"https:\/\/twentytu.com\/wp-content\/uploads\/2024\/03\/logo-twentytu.png\",\"contentUrl\":\"https:\/\/twentytu.com\/wp-content\/uploads\/2024\/03\/logo-twentytu.png\",\"width\":550,\"height\":173,\"caption\":\"TwentyT\u00fa Hostel\"},\"image\":{\"@id\":\"https:\/\/twentytu.com\/it\/#\/schema\/logo\/image\/\"}}]}<\/script>\n<!-- \/ Yoast SEO plugin. -->","yoast_head_json":{"title":"Avviso legale | TwentyT\u00fa Hostel","robots":{"index":"noindex","follow":"follow"},"og_locale":"it_IT","og_type":"article","og_title":"Avviso legale | TwentyT\u00fa Hostel","og_description":"Aviso legal En cumplimiento con el deber de informaci\u00f3n recogido en art\u00edculo 10 de la Ley 34\/2002, de 11 de julio, de Servicios de la Sociedad de la Informaci\u00f3n y del Comercio Electr\u00f3nico (LSSICE), el propietario de la web , le informa de lo siguiente: Denominaci\u00f3n social: Innovat Hotels, S.L. NIF: B65237539 Domicilio: Calle Pamplona, [&hellip;]","og_url":"https:\/\/twentytu.com\/it\/avviso-legale\/","og_site_name":"TwentyT\u00fa Hostel","article_modified_time":"2025-07-02T14:51:23+00:00","twitter_card":"summary_large_image","twitter_misc":{"Tempo di lettura stimato":"2 minuti"},"schema":{"@context":"https:\/\/schema.org","@graph":[{"@type":"WebPage","@id":"https:\/\/twentytu.com\/it\/avviso-legale\/","url":"https:\/\/twentytu.com\/it\/avviso-legale\/","name":"Avviso legale | TwentyT\u00fa Hostel","isPartOf":{"@id":"https:\/\/twentytu.com\/it\/#website"},"datePublished":"2022-11-09T13:20:31+00:00","dateModified":"2025-07-02T14:51:23+00:00","breadcrumb":{"@id":"https:\/\/twentytu.com\/it\/avviso-legale\/#breadcrumb"},"inLanguage":"it-IT","potentialAction":[{"@type":"ReadAction","target":["https:\/\/twentytu.com\/it\/avviso-legale\/"]}]},{"@type":"BreadcrumbList","@id":"https:\/\/twentytu.com\/it\/avviso-legale\/#breadcrumb","itemListElement":[{"@type":"ListItem","position":1,"name":"Inicio","item":"https:\/\/twentytu.com\/it\/"},{"@type":"ListItem","position":2,"name":"Avviso legale"}]},{"@type":"WebSite","@id":"https:\/\/twentytu.com\/it\/#website","url":"https:\/\/twentytu.com\/it\/","name":"TwentyT\u00fa Hostel","description":"Descubre un nuevo concepto de albergue en Barcelona. Albergue eco-sostenible con terraza en la azotea, buenas vistas y Wi-Fi gratis.","publisher":{"@id":"https:\/\/twentytu.com\/it\/#organization"},"potentialAction":[{"@type":"SearchAction","target":{"@type":"EntryPoint","urlTemplate":"https:\/\/twentytu.com\/it\/?s={search_term_string}"},"query-input":{"@type":"PropertyValueSpecification","valueRequired":true,"valueName":"search_term_string"}}],"inLanguage":"it-IT"},{"@type":"Organization","@id":"https:\/\/twentytu.com\/it\/#organization","name":"TwentyT\u00fa Hostel","url":"https:\/\/twentytu.com\/it\/","logo":{"@type":"ImageObject","inLanguage":"it-IT","@id":"https:\/\/twentytu.com\/it\/#\/schema\/logo\/image\/","url":"https:\/\/twentytu.com\/wp-content\/uploads\/2024\/03\/logo-twentytu.png","contentUrl":"https:\/\/twentytu.com\/wp-content\/uploads\/2024\/03\/logo-twentytu.png","width":550,"height":173,"caption":"TwentyT\u00fa Hostel"},"image":{"@id":"https:\/\/twentytu.com\/it\/#\/schema\/logo\/image\/"}}]}},"_links":{"self":[{"href":"https:\/\/twentytu.com\/it\/wp-json\/wp\/v2\/pages\/9260","targetHints":{"allow":["GET"]}}],"collection":[{"href":"https:\/\/twentytu.com\/it\/wp-json\/wp\/v2\/pages"}],"about":[{"href":"https:\/\/twentytu.com\/it\/wp-json\/wp\/v2\/types\/page"}],"author":[{"embeddable":true,"href":"https:\/\/twentytu.com\/it\/wp-json\/wp\/v2\/users\/8"}],"replies":[{"embeddable":true,"href":"https:\/\/twentytu.com\/it\/wp-json\/wp\/v2\/comments?post=9260"}],"version-history":[{"count":1,"href":"https:\/\/twentytu.com\/it\/wp-json\/wp\/v2\/pages\/9260\/revisions"}],"predecessor-version":[{"id":9261,"href":"https:\/\/twentytu.com\/it\/wp-json\/wp\/v2\/pages\/9260\/revisions\/9261"}],"wp:attachment":[{"href":"https:\/\/twentytu.com\/it\/wp-json\/wp\/v2\/media?parent=9260"}],"wp:term":[{"taxonomy":"post_tag","embeddable":true,"href":"https:\/\/twentytu.com\/it\/wp-json\/wp\/v2\/tags?post=9260"}],"curies":[{"name":"wp","href":"https:\/\/api.w.org\/{rel}","templated":true}]}}